{"id":4082,"date":"2019-02-22T11:05:36","date_gmt":"2019-02-22T11:05:36","guid":{"rendered":"https:\/\/crobrick.com\/?page_id=4082"},"modified":"2023-10-25T10:31:01","modified_gmt":"2023-10-25T10:31:01","slug":"ueber-uns","status":"publish","type":"page","link":"https:\/\/crobrick.com\/de\/ueber-uns\/","title":{"rendered":"\u00dcber uns"},"content":{"rendered":"<p><div class=\"fusion-fullwidth fullwidth-box fusion-builder-row-1 fusion-flex-container has-pattern-background has-mask-background nonhundred-percent-fullwidth non-hundred-percent-height-scrolling\" style=\"--awb-border-radius-top-left:0px;--awb-border-radius-top-right:0px;--awb-border-radius-bottom-right:0px;--awb-border-radius-bottom-left:0px;--awb-flex-wrap:wrap;\" ><div class=\"fusion-builder-row fusion-row fusion-flex-align-items-center fusion-flex-content-wrap\" style=\"max-width:1248px;margin-left: calc(-4% \/ 2 );margin-right: calc(-4% \/ 2 );\"><div class=\"fusion-layout-column fusion_builder_column fusion-builder-column-0 fusion_builder_column_2_3 2_3 fusion-flex-column\" style=\"--awb-bg-size:cover;--awb-width-large:66.666666666667%;--awb-margin-top-large:0px;--awb-spacing-right-large:2.88%;--awb-margin-bottom-large:20px;--awb-spacing-left-large:2.88%;--awb-width-medium:66.666666666667%;--awb-spacing-right-medium:2.88%;--awb-spacing-left-medium:2.88%;--awb-width-small:100%;--awb-spacing-right-small:1.92%;--awb-spacing-left-small:1.92%;\"><div class=\"fusion-column-wrapper fusion-flex-justify-content-flex-start fusion-content-layout-column\"><div class=\"fusion-text fusion-text-1\" style=\"--awb-font-size:var(--awb-typography4-font-size);--awb-line-height:var(--awb-typography4-line-height);--awb-letter-spacing:var(--awb-typography4-letter-spacing);--awb-text-transform:var(--awb-typography4-text-transform);--awb-text-font-family:var(--awb-typography4-font-family);--awb-text-font-weight:var(--awb-typography4-font-weight);--awb-text-font-style:var(--awb-typography4-font-style);\"><p>CroBrick ist der f\u00fchrende Name auf dem kroatischen Markt f\u00fcr dekorative Wandverkleidungen aus Ziegelsteinen. Seit mehr als einem Jahrzehnt zeigt CroBrick eine unbestreitbare Leidenschaft f\u00fcr die Entwicklung authentischer Produkte, die die Qualit\u00e4t erh\u00f6hen und das Design verbessern. Zuverl\u00e4ssigkeit ist der Kern unserer Unternehmensphilosophie. Wenn man sich den Crobrick Dekoziesteine ansieht, sieht er authentisch, nat\u00fcrlich und vor allem sch\u00f6n aus.<\/p>\n<p>CroBrick-Farben sind in der dekorativen Ziegelindustrie un\u00fcbertroffen. Jeder Stein und jeder Stein wird buchst\u00e4blich St\u00fcck f\u00fcr St\u00fcck von hochqualifizierten Meistern handbemalt.<\/p>\n<p>Wir verwenden nur die hochwertigsten nat\u00fcrlichen Mineraloxide, um die Oberfl\u00e4che mit satten, authentischen T\u00f6nen zu f\u00fcllen.<\/p>\n<p>Wenn Sie sich CroBrick-Ziegel genauer ansehen, werden Sie unvergleichliche Tiefen- und Farbvariationen erkennen: Ankl\u00e4nge von Rost, moosiges Gr\u00fcn, rotbraune, braune und goldene Muster.<\/p>\n<\/div><\/div><\/div><div class=\"fusion-layout-column fusion_builder_column fusion-builder-column-1 fusion_builder_column_1_3 1_3 fusion-flex-column\" style=\"--awb-bg-size:cover;--awb-width-large:33.333333333333%;--awb-margin-top-large:0px;--awb-spacing-right-large:5.76%;--awb-margin-bottom-large:20px;--awb-spacing-left-large:5.76%;--awb-width-medium:33.333333333333%;--awb-spacing-right-medium:5.76%;--awb-spacing-left-medium:5.76%;--awb-width-small:100%;--awb-spacing-right-small:1.92%;--awb-spacing-left-small:1.92%;\"><div class=\"fusion-column-wrapper fusion-flex-justify-content-flex-start fusion-content-layout-column\"><div class=\"fusion-image-element \" style=\"--awb-caption-title-font-family:var(--h2_typography-font-family);--awb-caption-title-font-weight:var(--h2_typography-font-weight);--awb-caption-title-font-style:var(--h2_typography-font-style);--awb-caption-title-size:var(--h2_typography-font-size);--awb-caption-title-transform:var(--h2_typography-text-transform);--awb-caption-title-line-height:var(--h2_typography-line-height);--awb-caption-title-letter-spacing:var(--h2_typography-letter-spacing);\"><span class=\" fusion-imageframe imageframe-none imageframe-1 hover-type-none\"><img decoding=\"async\" width=\"413\" height=\"619\" alt=\"Dekorativer Ziegel CroBrick\" title=\"O-nama-1\" src=\"https:\/\/crobrick.com\/wp-content\/uploads\/2023\/04\/O-nama-1.jpg\" class=\"img-responsive wp-image-5215\" srcset=\"https:\/\/crobrick.com\/wp-content\/uploads\/2023\/04\/O-nama-1-200x300.jpg 200w, https:\/\/crobrick.com\/wp-content\/uploads\/2023\/04\/O-nama-1-400x600.jpg 400w, https:\/\/crobrick.com\/wp-content\/uploads\/2023\/04\/O-nama-1.jpg 413w\" sizes=\"(max-width: 640px) 100vw, 400px\" \/><\/span><\/div><\/div><\/div><\/div><\/div><div class=\"fusion-fullwidth fullwidth-box fusion-builder-row-2 fusion-flex-container has-pattern-background has-mask-background nonhundred-percent-fullwidth non-hundred-percent-height-scrolling\" style=\"--awb-border-radius-top-left:0px;--awb-border-radius-top-right:0px;--awb-border-radius-bottom-right:0px;--awb-border-radius-bottom-left:0px;--awb-flex-wrap:wrap;\" ><div class=\"fusion-builder-row fusion-row fusion-flex-align-items-center fusion-flex-content-wrap\" style=\"max-width:1248px;margin-left: calc(-4% \/ 2 );margin-right: calc(-4% \/ 2 );\"><div class=\"fusion-layout-column fusion_builder_column fusion-builder-column-2 fusion_builder_column_1_3 1_3 fusion-flex-column\" style=\"--awb-bg-size:cover;--awb-width-large:33.333333333333%;--awb-margin-top-large:0px;--awb-spacing-right-large:5.76%;--awb-margin-bottom-large:20px;--awb-spacing-left-large:5.76%;--awb-width-medium:33.333333333333%;--awb-spacing-right-medium:5.76%;--awb-spacing-left-medium:5.76%;--awb-width-small:100%;--awb-spacing-right-small:1.92%;--awb-spacing-left-small:1.92%;\"><div class=\"fusion-column-wrapper fusion-flex-justify-content-flex-start fusion-content-layout-column\"><div class=\"fusion-image-element \" style=\"--awb-caption-title-font-family:var(--h2_typography-font-family);--awb-caption-title-font-weight:var(--h2_typography-font-weight);--awb-caption-title-font-style:var(--h2_typography-font-style);--awb-caption-title-size:var(--h2_typography-font-size);--awb-caption-title-transform:var(--h2_typography-text-transform);--awb-caption-title-line-height:var(--h2_typography-line-height);--awb-caption-title-letter-spacing:var(--h2_typography-letter-spacing);\"><span class=\" fusion-imageframe imageframe-none imageframe-2 hover-type-none\"><img decoding=\"async\" width=\"413\" height=\"619\" alt=\"Dekorativer Ziegel CroBrick\" title=\"O-nama-2\" src=\"https:\/\/crobrick.com\/wp-content\/uploads\/2023\/04\/O-nama-2.jpg\" class=\"img-responsive wp-image-5218\" srcset=\"https:\/\/crobrick.com\/wp-content\/uploads\/2023\/04\/O-nama-2-200x300.jpg 200w, https:\/\/crobrick.com\/wp-content\/uploads\/2023\/04\/O-nama-2-400x600.jpg 400w, https:\/\/crobrick.com\/wp-content\/uploads\/2023\/04\/O-nama-2.jpg 413w\" sizes=\"(max-width: 640px) 100vw, 400px\" \/><\/span><\/div><\/div><\/div><div class=\"fusion-layout-column fusion_builder_column fusion-builder-column-3 fusion_builder_column_2_3 2_3 fusion-flex-column\" style=\"--awb-bg-size:cover;--awb-width-large:66.666666666667%;--awb-margin-top-large:0px;--awb-spacing-right-large:2.88%;--awb-margin-bottom-large:20px;--awb-spacing-left-large:2.88%;--awb-width-medium:66.666666666667%;--awb-spacing-right-medium:2.88%;--awb-spacing-left-medium:2.88%;--awb-width-small:100%;--awb-spacing-right-small:1.92%;--awb-spacing-left-small:1.92%;\"><div class=\"fusion-column-wrapper fusion-flex-justify-content-flex-start fusion-content-layout-column\"><div class=\"fusion-text fusion-text-2\" style=\"--awb-font-size:var(--awb-typography4-font-size);--awb-line-height:var(--awb-typography4-line-height);--awb-letter-spacing:var(--awb-typography4-letter-spacing);--awb-text-transform:var(--awb-typography4-text-transform);--awb-text-font-family:var(--awb-typography4-font-family);--awb-text-font-weight:var(--awb-typography4-font-weight);--awb-text-font-style:var(--awb-typography4-font-style);\"><p>Jedes St\u00fcck CroBrick-Ziegel wird aus einer speziellen Form aus echtem Naturziegel hergestellt.<\/p>\n<p>Unser hochmoderner Formenbau ist in der Lage, jedes textliche Detail bis ins kleinste Detail zu erfassen. Unsere dekorativen Wandverkleidungen k\u00f6nnen au\u00dfen und innen Ihrer Familie oder Ihres Arbeitsplatzes angebracht werden. CroBrick Dekorziegel besteht aus nat\u00fcrlichen Materialien, ist nicht brennbar und witterungsbest\u00e4ndig.<\/p>\n<\/div><\/div><\/div><\/div><\/div><\/p>\n","protected":false},"excerpt":{"rendered":"","protected":false},"author":1,"featured_media":0,"parent":0,"menu_order":0,"comment_status":"closed","ping_status":"closed","template":"","meta":{"_acf_changed":false,"_seopress_robots_primary_cat":"","_seopress_titles_title":"","_seopress_titles_desc":"","_seopress_robots_index":"","footnotes":""},"class_list":["post-4082","page","type-page","status-publish","hentry"],"acf":[],"_links":{"self":[{"href":"https:\/\/crobrick.com\/de\/wp-json\/wp\/v2\/pages\/4082","targetHints":{"allow":["GET"]}}],"collection":[{"href":"https:\/\/crobrick.com\/de\/wp-json\/wp\/v2\/pages"}],"about":[{"href":"https:\/\/crobrick.com\/de\/wp-json\/wp\/v2\/types\/page"}],"author":[{"embeddable":true,"href":"https:\/\/crobrick.com\/de\/wp-json\/wp\/v2\/users\/1"}],"replies":[{"embeddable":true,"href":"https:\/\/crobrick.com\/de\/wp-json\/wp\/v2\/comments?post=4082"}],"version-history":[{"count":0,"href":"https:\/\/crobrick.com\/de\/wp-json\/wp\/v2\/pages\/4082\/revisions"}],"wp:attachment":[{"href":"https:\/\/crobrick.com\/de\/wp-json\/wp\/v2\/media?parent=4082"}],"curies":[{"name":"wp","href":"https:\/\/api.w.org\/{rel}","templated":true}]}}