{"id":4089,"date":"2015-05-08T16:55:28","date_gmt":"2015-05-08T16:55:28","guid":{"rendered":"https:\/\/crobrick.com\/?page_id=4089"},"modified":"2024-06-10T23:32:11","modified_gmt":"2024-06-10T23:32:11","slug":"heim","status":"publish","type":"page","link":"https:\/\/crobrick.com\/de\/","title":{"rendered":"Heim"},"content":{"rendered":"<p><div class=\"fusion-fullwidth fullwidth-box fusion-builder-row-1 fusion-flex-container nonhundred-percent-fullwidth non-hundred-percent-height-scrolling\" style=\"--awb-background-position:left top;--awb-border-sizes-top:0px;--awb-border-sizes-bottom:0px;--awb-border-sizes-left:0px;--awb-border-sizes-right:0px;--awb-border-radius-top-left:0px;--awb-border-radius-top-right:0px;--awb-border-radius-bottom-right:0px;--awb-border-radius-bottom-left:0px;--awb-padding-top:0px;--awb-padding-bottom:64px;--awb-flex-wrap:wrap;\" ><div class=\"fusion-builder-row fusion-row fusion-flex-align-items-flex-start fusion-flex-content-wrap\" style=\"max-width:1248px;margin-left: calc(-4% \/ 2 );margin-right: calc(-4% \/ 2 );\"><div class=\"fusion-layout-column fusion_builder_column fusion-builder-column-0 fusion_builder_column_1_1 1_1 fusion-flex-column\" style=\"--awb-bg-blend:overlay;--awb-bg-size:cover;--awb-width-large:100%;--awb-margin-top-large:0px;--awb-spacing-right-large:1.92%;--awb-margin-bottom-large:20px;--awb-spacing-left-large:1.92%;--awb-width-medium:100%;--awb-spacing-right-medium:1.92%;--awb-spacing-left-medium:1.92%;--awb-width-small:100%;--awb-spacing-right-small:1.92%;--awb-spacing-left-small:1.92%;\"><div class=\"fusion-column-wrapper fusion-flex-justify-content-flex-start fusion-content-layout-column\"><div>\n\n\n<h1 style=\"bold; font-size:250%; text-align:center;  \">CroBrick Produkte<\/h1>\n\n\n<\/div><br><div class=\"fusion-separator\" style=\"align-self: center;margin-left: auto;margin-right: auto;width:100%;max-width:742px;\"><div class=\"fusion-separator-border sep-single sep-solid\" style=\"--awb-height:20px;--awb-amount:20px;--awb-sep-color:#000000;border-color:#000000;border-top-width:1px;\"><\/div><\/div><br><div>\n\n\n<h1 style=\"bold; font-size:125%; text-align:center;  \">Innen- oder Au\u00dfenbereich. Gro\u00dfe oder kleine Projekte.<br><br>Der dekorative Ziegel CroBrick ist die ideale \u00e4sthetische und wirtschaftliche L\u00f6sung f\u00fcr Ihr Projekt.<\/h1>\n\n<\/div><br><\/br><div class=\"fusion-builder-row fusion-builder-row-inner fusion-row fusion-flex-align-items-flex-start fusion-flex-content-wrap\" style=\"width:104% !important;max-width:104% !important;margin-left: calc(-4% \/ 2 );margin-right: calc(-4% \/ 2 );\"><div class=\"fusion-layout-column fusion_builder_column_inner fusion-builder-nested-column-0 fusion_builder_column_inner_1_4 1_4 fusion-flex-column\" style=\"--awb-bg-blend:overlay;--awb-bg-size:cover;--awb-width-large:25%;--awb-margin-top-large:0px;--awb-spacing-right-large:7.68%;--awb-margin-bottom-large:20px;--awb-spacing-left-large:7.68%;--awb-width-medium:25%;--awb-spacing-right-medium:7.68%;--awb-spacing-left-medium:7.68%;--awb-width-small:100%;--awb-spacing-right-small:1.92%;--awb-spacing-left-small:1.92%;\"><div class=\"fusion-column-wrapper fusion-flex-justify-content-flex-start fusion-content-layout-column\"><div class=\"fusion-image-element \" style=\"--awb-caption-title-font-family:var(--h2_typography-font-family);--awb-caption-title-font-weight:var(--h2_typography-font-weight);--awb-caption-title-font-style:var(--h2_typography-font-style);--awb-caption-title-size:var(--h2_typography-font-size);--awb-caption-title-transform:var(--h2_typography-text-transform);--awb-caption-title-line-height:var(--h2_typography-line-height);--awb-caption-title-letter-spacing:var(--h2_typography-letter-spacing);\"><span class=\" fusion-imageframe imageframe-none imageframe-1 hover-type-none\"><a class=\"fusion-no-lightbox\" href=\"https:\/\/crobrick.com\/proizvodi\/crobrick-antik-crvena-df\/\" target=\"_self\"><img decoding=\"async\" src=\"https:\/\/crobrick.com\/wp-content\/uploads\/2023\/04\/CroBrick-antik-red-DF.jpg\" alt class=\"img-responsive wp-image-3759\"\/><\/a><\/span><\/div><div class=\"fusion-text fusion-text-1\"><p><span style=\"color: #000000;\">CroBrick antik rot DF<\/span><br \/>\n<a href=\"https:\/\/crobrick.com\/en\/proizvodi\/crobrick-antique-red-df\/\"><span style=\"color: #533f1e;\">Weitere Informationen \u00bb<\/span><\/a><\/p>\n<\/div><\/div><\/div><div class=\"fusion-layout-column fusion_builder_column_inner fusion-builder-nested-column-1 fusion_builder_column_inner_1_4 1_4 fusion-flex-column\" style=\"--awb-bg-blend:overlay;--awb-bg-size:cover;--awb-width-large:25%;--awb-margin-top-large:0px;--awb-spacing-right-large:7.68%;--awb-margin-bottom-large:20px;--awb-spacing-left-large:7.68%;--awb-width-medium:25%;--awb-spacing-right-medium:7.68%;--awb-spacing-left-medium:7.68%;--awb-width-small:100%;--awb-spacing-right-small:1.92%;--awb-spacing-left-small:1.92%;\"><div class=\"fusion-column-wrapper fusion-flex-justify-content-flex-start fusion-content-layout-column\"><div class=\"fusion-image-element \" style=\"--awb-caption-title-font-family:var(--h2_typography-font-family);--awb-caption-title-font-weight:var(--h2_typography-font-weight);--awb-caption-title-font-style:var(--h2_typography-font-style);--awb-caption-title-size:var(--h2_typography-font-size);--awb-caption-title-transform:var(--h2_typography-text-transform);--awb-caption-title-line-height:var(--h2_typography-line-height);--awb-caption-title-letter-spacing:var(--h2_typography-letter-spacing);\"><span class=\" fusion-imageframe imageframe-none imageframe-2 hover-type-none\"><a class=\"fusion-no-lightbox\" href=\"https:\/\/crobrick.com\/de\/crobrick-stardust-df-2\/\" target=\"_self\"><img decoding=\"async\" src=\"https:\/\/crobrick.com\/wp-content\/uploads\/2023\/04\/CroBrick-stardust-DF.jpg\" alt class=\"img-responsive wp-image-3768\"\/><\/a><\/span><\/div><div class=\"fusion-text fusion-text-2\"><p><span style=\"color: #000000;\">CroBrick Sternenstaub DF<\/span><br \/>\n<a href=\"https:\/\/crobrick.com\/de\/crobrick-stardust-df-2\/\"><span style=\"color: #533f1e;\">Weitere Informationen \u00bb<\/span><\/a><\/p>\n<\/div><\/div><\/div><div class=\"fusion-layout-column fusion_builder_column_inner fusion-builder-nested-column-2 fusion_builder_column_inner_1_4 1_4 fusion-flex-column\" style=\"--awb-bg-blend:overlay;--awb-bg-size:cover;--awb-width-large:25%;--awb-margin-top-large:0px;--awb-spacing-right-large:7.68%;--awb-margin-bottom-large:20px;--awb-spacing-left-large:7.68%;--awb-width-medium:25%;--awb-spacing-right-medium:7.68%;--awb-spacing-left-medium:7.68%;--awb-width-small:100%;--awb-spacing-right-small:1.92%;--awb-spacing-left-small:1.92%;\"><div class=\"fusion-column-wrapper fusion-flex-justify-content-flex-start fusion-content-layout-column\"><div class=\"fusion-image-element \" style=\"--awb-caption-title-font-family:var(--h2_typography-font-family);--awb-caption-title-font-weight:var(--h2_typography-font-weight);--awb-caption-title-font-style:var(--h2_typography-font-style);--awb-caption-title-size:var(--h2_typography-font-size);--awb-caption-title-transform:var(--h2_typography-text-transform);--awb-caption-title-line-height:var(--h2_typography-line-height);--awb-caption-title-letter-spacing:var(--h2_typography-letter-spacing);\"><span class=\" fusion-imageframe imageframe-none imageframe-3 hover-type-none\"><a class=\"fusion-no-lightbox\" href=\"https:\/\/crobrick.com\/crobrick-antik-bez-df\/\" target=\"_self\"><img decoding=\"async\" src=\"https:\/\/crobrick.com\/wp-content\/uploads\/2023\/04\/CroBrick-antik-beige-DF.jpg\" alt class=\"img-responsive wp-image-3758\"\/><\/a><\/span><\/div><div class=\"fusion-text fusion-text-3\"><p><span style=\"color: #000000;\">CroBrick antik beige DF<\/span><br \/>\n<a href=\"https:\/\/crobrick.com\/crobrick-antik-bez-df\/\"><span style=\"color: #533f1e;\">Weitere Informationen \u00bb<\/span><\/a><\/p>\n<\/div><\/div><\/div><div class=\"fusion-layout-column fusion_builder_column_inner fusion-builder-nested-column-3 fusion_builder_column_inner_1_4 1_4 fusion-flex-column\" style=\"--awb-bg-blend:overlay;--awb-bg-size:cover;--awb-width-large:25%;--awb-margin-top-large:0px;--awb-spacing-right-large:7.68%;--awb-margin-bottom-large:20px;--awb-spacing-left-large:7.68%;--awb-width-medium:25%;--awb-spacing-right-medium:7.68%;--awb-spacing-left-medium:7.68%;--awb-width-small:100%;--awb-spacing-right-small:1.92%;--awb-spacing-left-small:1.92%;\"><div class=\"fusion-column-wrapper fusion-flex-justify-content-flex-start fusion-content-layout-column\"><div class=\"fusion-image-element \" style=\"--awb-caption-title-font-family:var(--h2_typography-font-family);--awb-caption-title-font-weight:var(--h2_typography-font-weight);--awb-caption-title-font-style:var(--h2_typography-font-style);--awb-caption-title-size:var(--h2_typography-font-size);--awb-caption-title-transform:var(--h2_typography-text-transform);--awb-caption-title-line-height:var(--h2_typography-line-height);--awb-caption-title-letter-spacing:var(--h2_typography-letter-spacing);\"><span class=\" fusion-imageframe imageframe-none imageframe-4 hover-type-none\"><a class=\"fusion-no-lightbox\" href=\"https:\/\/crobrick.com\/de\/crobrick-snowdust-lf-2\/\" target=\"_self\"><img decoding=\"async\" src=\"https:\/\/crobrick.com\/wp-content\/uploads\/2023\/04\/CroBrick-snowdust-LF.jpg\" alt class=\"img-responsive wp-image-3767\"\/><\/a><\/span><\/div><div class=\"fusion-text fusion-text-4\"><p><span style=\"color: #000000;\">CroBrick Schneestaub LF<\/span><br \/>\n<a href=\"https:\/\/crobrick.com\/de\/crobrick-snowdust-lf-2\/\"><span style=\"color: #533f1e;\">Weitere Informationen \u00bb<\/span><\/a><\/p>\n<\/div><\/div><\/div><\/div><br><\/br><div>\n\n\n<h1 style=\"bold; font-size:250%; text-align:center;  \">Die M\u00f6glichkeiten sind endlos<\/h1>\n\n\n<\/div><br><div class=\"fusion-separator\" style=\"align-self: center;margin-left: auto;margin-right: auto;width:100%;max-width:742px;\"><div class=\"fusion-separator-border sep-single sep-solid\" style=\"--awb-height:20px;--awb-amount:20px;--awb-sep-color:#000000;border-color:#000000;border-top-width:1px;\"><\/div><\/div><br><div>\n\n\n<h1 style=\"bold; font-size:125%; text-align:center;  \">Werfen Sie einen Blick auf die R\u00e4ume, die mit CroBrick-Ziegeln dekoriert sind.<\/h1>\n\n<\/div><br><\/br><div class=\"fusion-builder-row fusion-builder-row-inner fusion-row fusion-flex-align-items-flex-start fusion-flex-content-wrap\" style=\"width:104% !important;max-width:104% !important;margin-left: calc(-4% \/ 2 );margin-right: calc(-4% \/ 2 );\"><div class=\"fusion-layout-column fusion_builder_column_inner fusion-builder-nested-column-4 fusion_builder_column_inner_1_2 1_2 fusion-flex-column\" style=\"--awb-bg-blend:overlay;--awb-bg-size:cover;--awb-width-large:50%;--awb-margin-top-large:0px;--awb-spacing-right-large:3.84%;--awb-margin-bottom-large:20px;--awb-spacing-left-large:3.84%;--awb-width-medium:50%;--awb-spacing-right-medium:3.84%;--awb-spacing-left-medium:3.84%;--awb-width-small:100%;--awb-spacing-right-small:1.92%;--awb-spacing-left-small:1.92%;\"><div class=\"fusion-column-wrapper fusion-flex-justify-content-flex-start fusion-content-layout-column\"><div class=\"fusion-image-element \" style=\"--awb-caption-title-font-family:var(--h2_typography-font-family);--awb-caption-title-font-weight:var(--h2_typography-font-weight);--awb-caption-title-font-style:var(--h2_typography-font-style);--awb-caption-title-size:var(--h2_typography-font-size);--awb-caption-title-transform:var(--h2_typography-text-transform);--awb-caption-title-line-height:var(--h2_typography-line-height);--awb-caption-title-letter-spacing:var(--h2_typography-letter-spacing);\"><span class=\" fusion-imageframe imageframe-none imageframe-5 hover-type-none\"><a class=\"fusion-no-lightbox\" href=\"https:\/\/crobrick.com\/interijer\/\" target=\"_self\" aria-label=\"interijer-hr\"><img decoding=\"async\" width=\"698\" height=\"466\" alt=\"Dekorativer Stein - Innendekoration\" src=\"https:\/\/crobrick.com\/wp-content\/uploads\/2023\/04\/interijer-hr.jpg\" class=\"img-responsive wp-image-5224\" srcset=\"https:\/\/crobrick.com\/wp-content\/uploads\/2023\/04\/interijer-hr-200x134.jpg 200w, https:\/\/crobrick.com\/wp-content\/uploads\/2023\/04\/interijer-hr-400x267.jpg 400w, https:\/\/crobrick.com\/wp-content\/uploads\/2023\/04\/interijer-hr-600x401.jpg 600w, https:\/\/crobrick.com\/wp-content\/uploads\/2023\/04\/interijer-hr.jpg 698w\" sizes=\"(max-width: 640px) 100vw, 600px\" \/><\/a><\/span><\/div><\/div><\/div><div class=\"fusion-layout-column fusion_builder_column_inner fusion-builder-nested-column-5 fusion_builder_column_inner_1_2 1_2 fusion-flex-column\" style=\"--awb-bg-blend:overlay;--awb-bg-size:cover;--awb-width-large:50%;--awb-margin-top-large:0px;--awb-spacing-right-large:3.84%;--awb-margin-bottom-large:20px;--awb-spacing-left-large:3.84%;--awb-width-medium:50%;--awb-spacing-right-medium:3.84%;--awb-spacing-left-medium:3.84%;--awb-width-small:100%;--awb-spacing-right-small:1.92%;--awb-spacing-left-small:1.92%;\"><div class=\"fusion-column-wrapper fusion-flex-justify-content-flex-start fusion-content-layout-column\"><div class=\"fusion-image-element \" style=\"--awb-caption-title-font-family:var(--h2_typography-font-family);--awb-caption-title-font-weight:var(--h2_typography-font-weight);--awb-caption-title-font-style:var(--h2_typography-font-style);--awb-caption-title-size:var(--h2_typography-font-size);--awb-caption-title-transform:var(--h2_typography-text-transform);--awb-caption-title-line-height:var(--h2_typography-line-height);--awb-caption-title-letter-spacing:var(--h2_typography-letter-spacing);\"><span class=\" fusion-imageframe imageframe-none imageframe-6 hover-type-none\"><a class=\"fusion-no-lightbox\" href=\"https:\/\/crobrick.com\/de\/?page_id=5442\" target=\"_self\" aria-label=\"exterier-hr\"><img decoding=\"async\" width=\"698\" height=\"465\" alt=\"Dekorativer Stein - Dekoration des Au\u00dfenbereichs\" src=\"https:\/\/crobrick.com\/wp-content\/uploads\/2023\/04\/exterier-hr.jpg\" class=\"img-responsive wp-image-5221\" srcset=\"https:\/\/crobrick.com\/wp-content\/uploads\/2023\/04\/exterier-hr-200x133.jpg 200w, https:\/\/crobrick.com\/wp-content\/uploads\/2023\/04\/exterier-hr-400x266.jpg 400w, https:\/\/crobrick.com\/wp-content\/uploads\/2023\/04\/exterier-hr-600x400.jpg 600w, https:\/\/crobrick.com\/wp-content\/uploads\/2023\/04\/exterier-hr.jpg 698w\" sizes=\"(max-width: 640px) 100vw, 600px\" \/><\/a><\/span><\/div><\/div><\/div><\/div><\/div><\/div><\/div><\/div><div class=\"fusion-fullwidth fullwidth-box fusion-builder-row-2 fusion-flex-container hundred-percent-fullwidth non-hundred-percent-height-scrolling\" style=\"--link_hover_color: var(--awb-color6);--link_color: var(--awb-custom12);--awb-background-position:left top;--awb-border-sizes-top:0px;--awb-border-sizes-bottom:0px;--awb-border-sizes-left:0px;--awb-border-sizes-right:0px;--awb-border-radius-top-left:0px;--awb-border-radius-top-right:0px;--awb-border-radius-bottom-right:0px;--awb-border-radius-bottom-left:0px;--awb-padding-top:0px;--awb-padding-right:0px;--awb-padding-bottom:0px;--awb-padding-left:0px;--awb-flex-wrap:wrap;\" ><div class=\"fusion-builder-row fusion-row fusion-flex-align-items-stretch fusion-flex-content-wrap\" style=\"width:calc( 100% + 0px ) !important;max-width:calc( 100% + 0px ) !important;margin-left: calc(-0px \/ 2 );margin-right: calc(-0px \/ 2 );\"><div class=\"fusion-layout-column fusion_builder_column fusion-builder-column-1 fusion_builder_column_1_2 1_2 fusion-flex-column\" style=\"--awb-padding-top:70px;--awb-padding-right:100px;--awb-padding-bottom:100px;--awb-padding-left:100px;--awb-bg-image:url(&#039;https:\/\/crobrick.com\/wp-content\/uploads\/2023\/04\/CroBrick-bijeli-01.jpg&#039;);--awb-bg-size:cover;--awb-width-large:50%;--awb-margin-top-large:0px;--awb-spacing-right-large:0px;--awb-margin-bottom-large:0px;--awb-spacing-left-large:0px;--awb-width-medium:50%;--awb-order-medium:0;--awb-spacing-right-medium:0px;--awb-spacing-left-medium:0px;--awb-width-small:100%;--awb-order-small:0;--awb-spacing-right-small:0px;--awb-spacing-left-small:0px;\"><div class=\"fusion-column-wrapper fusion-column-has-shadow fusion-flex-justify-content-flex-start fusion-content-layout-column fusion-column-has-bg-image\" data-bg-url=\"https:\/\/crobrick.com\/wp-content\/uploads\/2023\/04\/CroBrick-bijeli-01.jpg\"><br><\/br><br><\/br><div>\n\n\n<h1 style=\"bold; font-size:250%; text-align:center; color: #FFFFFF; text-shadow: 2px 2px 4px #000000;\">Kontaktieren Sie uns<\/h1>\n\n\n<\/div><div class=\"fusion-separator\" style=\"align-self: center;margin-left: auto;margin-right: auto;width:100%;max-width:442px;\"><div class=\"fusion-separator-border sep-single sep-solid\" style=\"--awb-height:20px;--awb-amount:20px;border-color:var(--awb-color3);border-top-width:1px;\"><\/div><\/div>\n\n\n<h1 style=\"text-align: center;\"><span style=\"margin-left: 0px; text-align:center important! ; font-size:80%; text-shadow: 2px 2px 4px #000000; color: #FFFFFF;\"><a style=\"margin-left: 0px; text-align:center; font-size:80%; text-shadow: 2px 2px 4px #000000; color: #FFFFFF;\" href=\"mailto:info@crobrick.com\">info@CroBrick.com<\/a><\/span><\/h1>\n<h1 style=\"text-align: center;\"><span style=\"margin-left: 0px; text-align:center; font-size:80%; text-shadow: 2px 2px 4px #000000; color: #FFFFFF;\"><a style=\"margin-left: 0px; text-align:center; font-size:80%; text-shadow: 2px 2px 4px #000000; color: #FFFFFF;\" href=\"tel:+38513644121\">+385 1 3644 121<\/a><\/span><\/h1>\n  \n\n<br><\/br><\/div><\/div><div class=\"fusion-layout-column fusion_builder_column fusion-builder-column-2 fusion_builder_column_1_2 1_2 fusion-flex-column\" style=\"--awb-padding-top:70px;--awb-padding-right:100px;--awb-padding-bottom:70px;--awb-padding-left:100px;--awb-bg-image:url(&#039;https:\/\/crobrick.com\/wp-content\/uploads\/2023\/04\/CroBrick-white-DF.jpg&#039;);--awb-bg-position:center bottom;--awb-bg-blend:screen;--awb-bg-size:cover;--awb-width-large:50%;--awb-margin-top-large:0px;--awb-spacing-right-large:0px;--awb-margin-bottom-large:0px;--awb-spacing-left-large:0px;--awb-width-medium:50%;--awb-order-medium:0;--awb-spacing-right-medium:0px;--awb-spacing-left-medium:0px;--awb-width-small:100%;--awb-order-small:0;--awb-spacing-right-small:0px;--awb-spacing-left-small:0px;\"><div class=\"fusion-column-wrapper fusion-column-has-shadow fusion-flex-justify-content-flex-start fusion-content-layout-column fusion-column-has-bg-image\" data-bg-url=\"https:\/\/crobrick.com\/wp-content\/uploads\/2023\/04\/CroBrick-white-DF.jpg\"><br><\/br><br><\/br><div>\n\n<h1 style=\"text-align: center;\"><span style=\"margin-left: 0px; text-align:center; font-size:100%; text-shadow: 2px 2px 4px #000000; color: #FFFFFF;\"><a style=\"margin-left: 0px; text-align:center; font-size:100%; text-shadow: 2px 2px 4px #000000; color: #FFFFFF;\" href=\"https:\/\/crostone.hr\/crostone\/distributeri\/\">Distributoren finden<\/a><\/span><\/h1>\n\n<\/div><div class=\"fusion-separator\" style=\"align-self: center;margin-left: auto;margin-right: auto;width:100%;max-width:442px;\"><div class=\"fusion-separator-border sep-single sep-solid\" style=\"--awb-height:20px;--awb-amount:20px;border-color:var(--awb-color3);border-top-width:1px;\"><\/div><\/div><br><\/br><br><\/br><\/div><\/div><\/div><\/div><\/p>\n","protected":false},"excerpt":{"rendered":"","protected":false},"author":1,"featured_media":0,"parent":0,"menu_order":0,"comment_status":"closed","ping_status":"closed","template":"","meta":{"_acf_changed":false,"_seopress_robots_primary_cat":"","_seopress_titles_title":"","_seopress_titles_desc":"","_seopress_robots_index":"","footnotes":""},"class_list":["post-4089","page","type-page","status-publish","hentry"],"acf":[],"_links":{"self":[{"href":"https:\/\/crobrick.com\/de\/wp-json\/wp\/v2\/pages\/4089","targetHints":{"allow":["GET"]}}],"collection":[{"href":"https:\/\/crobrick.com\/de\/wp-json\/wp\/v2\/pages"}],"about":[{"href":"https:\/\/crobrick.com\/de\/wp-json\/wp\/v2\/types\/page"}],"author":[{"embeddable":true,"href":"https:\/\/crobrick.com\/de\/wp-json\/wp\/v2\/users\/1"}],"replies":[{"embeddable":true,"href":"https:\/\/crobrick.com\/de\/wp-json\/wp\/v2\/comments?post=4089"}],"version-history":[{"count":2,"href":"https:\/\/crobrick.com\/de\/wp-json\/wp\/v2\/pages\/4089\/revisions"}],"predecessor-version":[{"id":7817,"href":"https:\/\/crobrick.com\/de\/wp-json\/wp\/v2\/pages\/4089\/revisions\/7817"}],"wp:attachment":[{"href":"https:\/\/crobrick.com\/de\/wp-json\/wp\/v2\/media?parent=4089"}],"curies":[{"name":"wp","href":"https:\/\/api.w.org\/{rel}","templated":true}]}}