{"id":5597,"date":"2019-09-24T14:28:37","date_gmt":"2019-09-24T14:28:37","guid":{"rendered":"https:\/\/crobrick.com\/datenschutz-und-datensicherheitserklaerung\/"},"modified":"2024-01-26T10:37:51","modified_gmt":"2024-01-26T10:37:51","slug":"datenschutz-und-datensicherheitserklaerung","status":"publish","type":"page","link":"https:\/\/crobrick.com\/de\/datenschutz-und-datensicherheitserklaerung\/","title":{"rendered":"Datenschutz- und Datensicherheitserkl\u00e4rung"},"content":{"rendered":"<div class=\"fusion-fullwidth fullwidth-box fusion-builder-row-1 fusion-flex-container nonhundred-percent-fullwidth non-hundred-percent-height-scrolling\" style=\"--awb-border-radius-top-left:0px;--awb-border-radius-top-right:0px;--awb-border-radius-bottom-right:0px;--awb-border-radius-bottom-left:0px;--awb-flex-wrap:wrap;\" ><div class=\"fusion-builder-row fusion-row fusion-flex-align-items-flex-start fusion-flex-content-wrap\" style=\"max-width:1248px;margin-left: calc(-4% \/ 2 );margin-right: calc(-4% \/ 2 );\"><div class=\"fusion-layout-column fusion_builder_column fusion-builder-column-0 fusion_builder_column_1_1 1_1 fusion-flex-column\" style=\"--awb-bg-blend:overlay;--awb-bg-size:cover;--awb-width-large:100%;--awb-margin-top-large:0px;--awb-spacing-right-large:1.92%;--awb-margin-bottom-large:0px;--awb-spacing-left-large:1.92%;--awb-width-medium:100%;--awb-spacing-right-medium:1.92%;--awb-spacing-left-medium:1.92%;--awb-width-small:100%;--awb-spacing-right-small:1.92%;--awb-spacing-left-small:1.92%;\"><div class=\"fusion-column-wrapper fusion-flex-justify-content-flex-start fusion-content-layout-column\"><div class=\"fusion-text fusion-text-1\"><p><span style=\"color: #000000;\">Diese Richtlinie legt fest und regelt, wie Boston d.o.o. alle Informationen verwendet und sch\u00fctzt, die Besucher bei der Nutzung der Website crobrick.com bereitstellen.<\/span><\/p>\n<p><span style=\"color: #000000;\">Personenbezogene Daten sind alle Informationen, die sich auf eine bestimmte oder identifizierbare nat\u00fcrliche Person beziehen. Als personenbezogene Daten gelten insbesondere alle Daten, die die Identit\u00e4t der Besucher der Website crobrick.com bestimmen (z. B. Vor- und Nachname, E-Mail-Adresse, Wohnadresse usw.).<\/span><\/p>\n<p><span style=\"color: #000000;\">Verarbeitung ist jeder mit oder ohne Hilfe automatisierter Verfahren ausgef\u00fchrte Vorgang oder jede solche Vorgangsreihe im Zusammenhang mit personenbezogenen Daten wie das Erheben, das Erfassen, die Organisation, die Speicherung, die Anpassung oder Ver\u00e4nderung, das Ausscheiden, das Abfragen, die Verwendung, die Offenlegung durch \u00dcbermittlung, Ver\u00f6ffentlichung oder eine andere Form der Bereitstellung, die Klassifizierung oder Verkn\u00fcpfung, die Sperrung, das L\u00f6schen oder die Vernichtung sowie die Durchf\u00fchrung logischer, mathematischer und anderer Vorg\u00e4nge mit diesen Daten.<\/span><\/p>\n<p><span style=\"color: #000000;\">Durch den Zugriff auf die Website selbst erkl\u00e4rt sich der Benutzer damit einverstanden, dass boston d.o.o. seine personenbezogenen Daten verarbeitet, die im Anmeldeformular f\u00fcr den Erhalt des Newsletters aufgef\u00fchrt sind.<\/span><\/p>\n<p><span style=\"color: #000000;\">Dieselben Daten werden zu Informationszwecken verwendet, und zum Zweck der Werbung f\u00fcr die Dienstleistungen und Produkte von boston d.o.o. verpflichtet sich, die Privatsph\u00e4re der personenbezogenen Daten aller registrierten Besucher der Website zu sch\u00fctzen und sie in \u00dcbereinstimmung mit dem Gesetz zum Schutz personenbezogener Daten oder anderen geltenden Vorschriften zu behandeln. Boston d.o.o. darf nicht ohne Genehmigung verwenden oder Dritten zur Verf\u00fcgung stellen, au\u00dfer in F\u00e4llen, in denen ein spezielles Gesetz dies erlaubt oder zum Zwecke der Erf\u00fcllung vertraglicher Verpflichtungen erforderlich ist. Alle Mitarbeiter von Boston d.o.o., Freiwillige und Gesch\u00e4ftspartner sind f\u00fcr die Einhaltung der Grunds\u00e4tze des Datenschutzes verantwortlich.<\/span><\/p>\n<p><span style=\"color: #000000;\">Alle Ihre Informationen, die Sie freiwillig zur Verf\u00fcgung stellen, werden in unserer Benutzerdatenbank gespeichert. Wenn Sie einen Fehler in Ihren pers\u00f6nlichen Daten bemerken oder etwas \u00e4ndern m\u00fcssen, kontaktieren Sie uns bitte und wir werden Ihre Daten umgehend aktualisieren.<\/span><\/p>\n<p><span style=\"color: #000000;\">F\u00fcr den Fall, dass Sie nicht m\u00f6chten, dass Boston d.o.o. Ihre Daten verarbeitet und die L\u00f6schung Ihrer Daten beantragt, m\u00fcssen Sie Boston d.o.o. per E-Mail an die E-Mail-Adresse<a style=\"color: #000000;\" href=\"mailto:info@crostone.hr\/crobrick\"> info@crobrick.com<\/a> benachrichtigen.<\/span><\/p>\n<\/div><\/div><\/div><\/div><\/div>\n","protected":false},"excerpt":{"rendered":"","protected":false},"author":1,"featured_media":0,"parent":0,"menu_order":0,"comment_status":"closed","ping_status":"closed","template":"","meta":{"_acf_changed":false,"_seopress_robots_primary_cat":"","_seopress_titles_title":"","_seopress_titles_desc":"","_seopress_robots_index":"","footnotes":""},"class_list":["post-5597","page","type-page","status-publish","hentry"],"acf":[],"_links":{"self":[{"href":"https:\/\/crobrick.com\/de\/wp-json\/wp\/v2\/pages\/5597","targetHints":{"allow":["GET"]}}],"collection":[{"href":"https:\/\/crobrick.com\/de\/wp-json\/wp\/v2\/pages"}],"about":[{"href":"https:\/\/crobrick.com\/de\/wp-json\/wp\/v2\/types\/page"}],"author":[{"embeddable":true,"href":"https:\/\/crobrick.com\/de\/wp-json\/wp\/v2\/users\/1"}],"replies":[{"embeddable":true,"href":"https:\/\/crobrick.com\/de\/wp-json\/wp\/v2\/comments?post=5597"}],"version-history":[{"count":8,"href":"https:\/\/crobrick.com\/de\/wp-json\/wp\/v2\/pages\/5597\/revisions"}],"predecessor-version":[{"id":7547,"href":"https:\/\/crobrick.com\/de\/wp-json\/wp\/v2\/pages\/5597\/revisions\/7547"}],"wp:attachment":[{"href":"https:\/\/crobrick.com\/de\/wp-json\/wp\/v2\/media?parent=5597"}],"curies":[{"name":"wp","href":"https:\/\/api.w.org\/{rel}","templated":true}]}}