{"id":5664,"date":"2023-06-02T15:15:43","date_gmt":"2023-06-02T15:15:43","guid":{"rendered":"https:\/\/crobrick.com\/verkaufsbedingungen\/"},"modified":"2024-01-26T10:48:26","modified_gmt":"2024-01-26T10:48:26","slug":"verkaufsbedingungen","status":"publish","type":"page","link":"https:\/\/crobrick.com\/de\/verkaufsbedingungen\/","title":{"rendered":"Verkaufsbedingungen"},"content":{"rendered":"<div class=\"fusion-fullwidth fullwidth-box fusion-builder-row-1 fusion-flex-container nonhundred-percent-fullwidth non-hundred-percent-height-scrolling\" style=\"--awb-border-radius-top-left:0px;--awb-border-radius-top-right:0px;--awb-border-radius-bottom-right:0px;--awb-border-radius-bottom-left:0px;--awb-flex-wrap:wrap;\" ><div class=\"fusion-builder-row fusion-row fusion-flex-align-items-flex-start fusion-flex-content-wrap\" style=\"max-width:1248px;margin-left: calc(-4% \/ 2 );margin-right: calc(-4% \/ 2 );\"><div class=\"fusion-layout-column fusion_builder_column fusion-builder-column-0 fusion_builder_column_1_1 1_1 fusion-flex-column\" style=\"--awb-bg-size:cover;--awb-width-large:100%;--awb-margin-top-large:0px;--awb-spacing-right-large:1.92%;--awb-margin-bottom-large:0px;--awb-spacing-left-large:1.92%;--awb-width-medium:100%;--awb-spacing-right-medium:1.92%;--awb-spacing-left-medium:1.92%;--awb-width-small:100%;--awb-spacing-right-small:1.92%;--awb-spacing-left-small:1.92%;\"><div class=\"fusion-column-wrapper fusion-flex-justify-content-flex-start fusion-content-layout-column\"><div class=\"fusion-text fusion-text-1\"><div class=\"post-content\">\n<div class=\"fusion-fullwidth fullwidth-box fusion-builder-row-1 fusion-flex-container nonhundred-percent-fullwidth non-hundred-percent-height-scrolling\">\n<div class=\"fusion-builder-row fusion-row fusion-flex-align-items-flex-start\">\n<section class=\"fusion-layout-column fusion_builder_column fusion-builder-column-0 fusion_builder_column_1_1 1_1 fusion-flex-column\">\n<div class=\"fusion-column-wrapper fusion-column-has-shadow fusion-flex-justify-content-flex-start fusion-content-layout-column\">\n<div class=\"fusion-text fusion-text-1\">\n<h3>1. G\u00dcLTIGKEIT<\/h3>\n<p>Die Lieferbedingungen gelten f\u00fcr alle abgeschlossenen Kaufvertr\u00e4ge und damit zusammenh\u00e4ngenden Lieferungen und Nachlieferungen.<br \/>\nAbweichungen von diesen Verkaufs- und Lieferbedingungen sind nur g\u00fcltig, wenn sie vom K\u00e4ufer und Verk\u00e4ufer schriftlich best\u00e4tigt werden.<\/p>\n<h3>2. ANGEBOTE<\/h3>\n<p>Angebote sind freibleibend, sofern nicht ausdr\u00fccklich etwas anderes angegeben ist. Ihre G\u00fcltigkeit ist auf dem Angebot angegeben.<br \/>\nDas Angebot enth\u00e4lt den Namen des Produkts, Mengen, Preise, Zahlungsbedingungen und andere Bedingungen.<\/p>\n<h3>3. PREIS UND BERECHNUNG<\/h3>\n<p>Die Preise in den Angeboten verstehen sich implizit FCA Lager Valpovo verladen auf einem LKW oder PKW.<br \/>\nF\u00fcr die Berechnung gelten die Abmessungen und Mengen der realisierten Sendungsschredder auf der Grundlage einer best\u00e4tigten Sendung.<\/p>\n<h3>4. PRODUKTE<\/h3>\n<p>Dekorativer Stein ist ein nat\u00fcrliches Material, das durch das Gie\u00dfen von Beton in Gummiformen gewonnen wird, und es sind Abweichungen in Farbe und Abmessungen in verschiedenen Serien zu erwarten.<br \/>\nWir k\u00f6nnen dem Kunden keinen identischen Farbton garantieren, wenn der Stein aus mehreren Chargen entnommen wird, daher empfehlen wir dem Kunden, Muster kleinerer Mengen aus der aktuellen Produktionsserie zu bestellen, um sicherzustellen, dass er das bekommt, was er sucht.<br \/>\nWenn der K\u00e4ufer dekorative Steine auf der Grundlage von Katalogen, Internet- oder Ausstellungstafeln bestellt, k\u00f6nnen wir nicht den gleichen Farbton garantieren und wir akzeptieren keine Reklamationen im Falle von Farbunterschieden, da es sich um ein nat\u00fcrliches Material handelt.<\/p>\n<p>Die Isolierung oder Salpeter ist ein nat\u00fcrlicher Bl\u00fchprozess auf der Oberfl\u00e4che eines Stein- oder Betonprodukts und tritt auf, wenn l\u00f6sliche Salze mit Hilfe von Feuchtigkeit aus den inneren Schichten der Struktur an die Oberfl\u00e4che wandern und sich beim Trocknen kristalline Pulvercluster bilden, f\u00fcr die die Garantie nicht gilt.<\/p>\n<h3>5. EINRICHTUNG<\/h3>\n<p>Wenn der K\u00e4ufer den Ziegel selbst installiert, schl\u00e4gt Boston d.o.o. vor, dass die Verlegung gem\u00e4\u00df den Vorschriften und Anweisungen des Herstellers erfolgt oder eine professionelle Person sucht, die sich auf das Verlegen von Ziegeln spezialisiert hat.<br \/>\nLesen Sie mehr \u00fcber die Einrichtung auf unserer Website: SETUP oder lassen Sie sich von Mitarbeitern von Boston d.o.o. beraten.<\/p>\n<h3>6. LIEFERZEIT<\/h3>\n<p>Boston d.o.o. wird die angegebenen Lieferzeiten je nach Zweck und M\u00f6glichkeit einhalten.<\/p>\n<h3>7. VERSAND UND TRANSPORT<\/h3>\n<p>Wenn Boston d.o.o. dem K\u00e4ufer Waren im Lager oder auf der Baustelle liefert, wird der Transportpreis als separater Posten angegeben.<br \/>\nBoston d.o.o. kann die Transportpreise im Laufe des Jahres an die Marktver\u00e4nderungen anpassen.<br \/>\nCrobrick nutzt f\u00fcr die Lieferung seiner Produkte Transportunternehmen wie Lagermax oder \u00e4hnliche, und obwohl die Waren normalerweise innerhalb von ein oder zwei Werktagen geliefert werden, ist das Unternehmen mit Ausnahme der Insel nicht in der Lage, den genauen Tag der Lieferung zu garantieren, da dies vom Spediteur abh\u00e4ngt.<\/p>\n<h3>8. PALETTEN<\/h3>\n<p>Crobrick-Produkte werden auf Paletten mit den Ma\u00dfen 80\/120 cm oder 100\/120 geliefert.<br \/>\nPaletten f\u00fcr Wandverkleidungen werden als Teil des Transportpreises berechnet.<\/p>\n<h3>9. ZAHLUNGSBEDINGUNGEN<\/h3>\n<p>Zahlungsbedingungen werden im Partnerschaftsvertrag mit definierten Mitteln zur Zahlungssicherung vereinbart.<br \/>\nWurde kein Kooperationsvertrag mit dem K\u00e4ufer geschlossen, erfolgt die Zahlung auf Basis einer Proforma-Rechnung (Angebot).<br \/>\nBei Zahlungsverzug werden die gesetzlichen Verzugszinsen berechnet.<br \/>\nWenn der K\u00e4ufer vom Kauf der bestellten Ware zur\u00fccktritt, hat er weder Anspruch auf R\u00fcckerstattung der geleisteten Vorauszahlung, noch hat er das Recht, die Vorauszahlung als Zahlung einer Vorauszahlung und \/ oder eines Preises f\u00fcr ein anderes Produkt zu verwenden.<\/p>\n<h3>10. EIGENTUMSVORBEHALT<\/h3>\n<p>Bis zur vollst\u00e4ndigen Bezahlung bleibt die gelieferte Ware Eigentum von Boston d.o.o..<br \/>\nWenn Boston d.o.o. die Ware aufgrund der Nichtzahlung des K\u00e4ufers auf der Grundlage des Eigentumsvorbehaltsrechts zur\u00fccknimmt, tr\u00e4gt der K\u00e4ufer die Transportkosten im Falle der R\u00fcckgabe oder des Weiterverkaufs der Ware.<\/p>\n<h3>11. R\u00dcCKSENDUNG VON WAREN UND DAMIT VERBUNDENE KOSTEN<\/h3>\n<p>Wenn eine \u00fcberm\u00e4\u00dfige Menge an Waren in Bezug auf die Bestellung des Kunden geliefert wird, werden diese erst zur\u00fcckgenommen, nachdem Boston d.o.o. schriftlich dar\u00fcber informiert wurde und wenn die Ware unbesch\u00e4digt und das Original versandfertig auf Paletten verpackt ist.<br \/>\nVom K\u00e4ufer zur\u00fcckgesandte Waren, die nicht ordnungsgem\u00e4\u00df auf Paletten verpackt sind, werden nicht abgeholt.<br \/>\nIn jedem Fall muss der K\u00e4ufer bei R\u00fcckgabe der Ware \u00fcber eine Quittung \u00fcber die \u00dcbernahme derselben (Sendung) verf\u00fcgen, auf der die Produkte mit den Mengen angegeben sind.<\/p>\n<h3>12. GEW\u00c4HRLEISTUNG UND REKLAMATIONEN<\/h3>\n<p>Boston d.o.o. garantiert die \u00fcbliche Qualit\u00e4t und Quantit\u00e4t der Produkte im Rahmen der gesetzlichen Bestimmungen.<br \/>\nF\u00fcr alle m\u00f6glichen Reklamationen bez\u00fcglich der Qualit\u00e4t und Quantit\u00e4t des Produkts ist der K\u00e4ufer verpflichtet, innerhalb von 7 Tagen nach der Abholung \/ Lieferung des Produkts eine Provisionsaufzeichnung \u00fcber die festgestellten M\u00e4ngel einzureichen.<br \/>\nIm Falle einer Reklamation wird der K\u00e4ufer die beworbene Ware herausgreifen und Boston d.o.o. auffordern, gemeinsam die tats\u00e4chliche Situation zu ermitteln.<br \/>\nDie Reklamation eines Teils der Ware gibt dem Partner nicht das Recht, die Zahlung f\u00fcr den nicht beworbenen Teil der Ware zu verl\u00e4ngern.<br \/>\nDie beworbenen Waren d\u00fcrfen vom Partner erst dann zum Verkauf angeboten werden, wenn Boston d.o.o. eine m\u00f6gliche Genehmigung f\u00fcr den Verkauf derselben erteilt hat.<br \/>\nWir akzeptieren keine Reklamationen zu teilweise oder vollst\u00e4ndig verlegten Ziegeln.<\/p>\n<h3>13. URHEBERRECHT<\/h3>\n<p>Das Produkt, das Gegenstand des Verkaufs ist, ist das Werk des Autors des Verk\u00e4ufers.<br \/>\nDer Verk\u00e4ufer beh\u00e4lt sich das Recht vor, das betreffende Produkt als Referenz f\u00fcr alle zuk\u00fcnftigen Projekte zu verwenden.<\/p>\n<\/div>\n<\/div>\n<\/section>\n<\/div>\n<\/div>\n<\/div>\n<\/div><\/div><\/div><\/div><\/div>\n","protected":false},"excerpt":{"rendered":"","protected":false},"author":1,"featured_media":0,"parent":0,"menu_order":0,"comment_status":"closed","ping_status":"closed","template":"100-width.php","meta":{"_acf_changed":false,"_seopress_robots_primary_cat":"","_seopress_titles_title":"","_seopress_titles_desc":"","_seopress_robots_index":"","footnotes":""},"class_list":["post-5664","page","type-page","status-publish","hentry"],"acf":[],"_links":{"self":[{"href":"https:\/\/crobrick.com\/de\/wp-json\/wp\/v2\/pages\/5664","targetHints":{"allow":["GET"]}}],"collection":[{"href":"https:\/\/crobrick.com\/de\/wp-json\/wp\/v2\/pages"}],"about":[{"href":"https:\/\/crobrick.com\/de\/wp-json\/wp\/v2\/types\/page"}],"author":[{"embeddable":true,"href":"https:\/\/crobrick.com\/de\/wp-json\/wp\/v2\/users\/1"}],"replies":[{"embeddable":true,"href":"https:\/\/crobrick.com\/de\/wp-json\/wp\/v2\/comments?post=5664"}],"version-history":[{"count":1,"href":"https:\/\/crobrick.com\/de\/wp-json\/wp\/v2\/pages\/5664\/revisions"}],"predecessor-version":[{"id":7557,"href":"https:\/\/crobrick.com\/de\/wp-json\/wp\/v2\/pages\/5664\/revisions\/7557"}],"wp:attachment":[{"href":"https:\/\/crobrick.com\/de\/wp-json\/wp\/v2\/media?parent=5664"}],"curies":[{"name":"wp","href":"https:\/\/api.w.org\/{rel}","templated":true}]}}