{"id":6776,"date":"2023-10-27T09:25:16","date_gmt":"2023-10-27T09:25:16","guid":{"rendered":"https:\/\/crobrick.com\/shop\/crobrick-grau-lf\/"},"modified":"2024-02-15T08:08:46","modified_gmt":"2024-02-15T08:08:46","slug":"crobrick-grau-lf","status":"publish","type":"product","link":"https:\/\/crobrick.com\/de\/product\/crobrick-grau-lf\/","title":{"rendered":"Crobrick grau LF"},"content":{"rendered":"<div class=\"fusion-fullwidth fullwidth-box fusion-builder-row-1 fusion-flex-container nonhundred-percent-fullwidth non-hundred-percent-height-scrolling\" style=\"--awb-border-radius-top-left:0px;--awb-border-radius-top-right:0px;--awb-border-radius-bottom-right:0px;--awb-border-radius-bottom-left:0px;--awb-flex-wrap:wrap;\" ><div class=\"fusion-builder-row fusion-row fusion-flex-align-items-flex-start fusion-flex-content-wrap\" style=\"max-width:1248px;margin-left: calc(-4% \/ 2 );margin-right: calc(-4% \/ 2 );\"><div class=\"fusion-layout-column fusion_builder_column fusion-builder-column-0 fusion_builder_column_1_1 1_1 fusion-flex-column\" style=\"--awb-bg-size:cover;--awb-width-large:100%;--awb-margin-top-large:0px;--awb-spacing-right-large:1.92%;--awb-margin-bottom-large:0px;--awb-spacing-left-large:1.92%;--awb-width-medium:100%;--awb-spacing-right-medium:1.92%;--awb-spacing-left-medium:1.92%;--awb-width-small:100%;--awb-spacing-right-small:1.92%;--awb-spacing-left-small:1.92%;\"><div class=\"fusion-column-wrapper fusion-flex-justify-content-flex-start fusion-content-layout-column\"><div class=\"fusion-text fusion-text-1\"><p>K\u00fcnstlicher Zierziegel ist ein Produkt, das nat\u00fcrliche Ziegel auf sehr glaubw\u00fcrdige Weise nachahmt. Es wird aus Leichtbeton hergestellt, der aus Wei\u00dfzement, Leichtzuschlagstoffen, Quarzsand, Zusatzstoffen und mineralischen Oxidfarben besteht. Ziegel werden in verschiedenen Gr\u00f6\u00dfen, Formen und Oberfl\u00e4chenstrukturen hergestellt.<\/p>\n<p>Der Test best\u00e4tigt die Einhaltung der HRN EN 15286:2013. Eine Kopie des Pr\u00fcfberichts ist auf Anfrage erh\u00e4ltlich.<\/p>\n<p><strong> Zertifikat :<\/strong><\/p>\n<ul>\n<li>Technische IGH-Spezifikation: HRN EN 15286:2013.<\/li>\n<li>CE-Kennzeichnung \u2013 Nachweis, dass das Produkt technisch den EU-Normen entspricht und nicht gesundheits- und umweltsch\u00e4dlich ist<\/li>\n<\/ul>\n<\/div><\/div><\/div><\/div><\/div>\n","protected":false},"excerpt":{"rendered":"","protected":false},"featured_media":6198,"template":"","meta":{"_acf_changed":false,"_seopress_robots_primary_cat":"none","_seopress_titles_title":"","_seopress_titles_desc":"","_seopress_robots_index":""},"product_brand":[],"product_cat":[168],"product_tag":[],"class_list":{"0":"post-6776","1":"product","2":"type-product","3":"status-publish","4":"has-post-thumbnail","6":"product_cat-dekorativer-ziegelstein","8":"first","9":"instock","10":"taxable","11":"shipping-taxable","12":"purchasable","13":"product-type-simple"},"acf":[],"_links":{"self":[{"href":"https:\/\/crobrick.com\/de\/wp-json\/wp\/v2\/product\/6776","targetHints":{"allow":["GET"]}}],"collection":[{"href":"https:\/\/crobrick.com\/de\/wp-json\/wp\/v2\/product"}],"about":[{"href":"https:\/\/crobrick.com\/de\/wp-json\/wp\/v2\/types\/product"}],"wp:featuredmedia":[{"embeddable":true,"href":"https:\/\/crobrick.com\/de\/wp-json\/wp\/v2\/media\/6198"}],"wp:attachment":[{"href":"https:\/\/crobrick.com\/de\/wp-json\/wp\/v2\/media?parent=6776"}],"wp:term":[{"taxonomy":"product_brand","embeddable":true,"href":"https:\/\/crobrick.com\/de\/wp-json\/wp\/v2\/product_brand?post=6776"},{"taxonomy":"product_cat","embeddable":true,"href":"https:\/\/crobrick.com\/de\/wp-json\/wp\/v2\/product_cat?post=6776"},{"taxonomy":"product_tag","embeddable":true,"href":"https:\/\/crobrick.com\/de\/wp-json\/wp\/v2\/product_tag?post=6776"}],"curies":[{"name":"wp","href":"https:\/\/api.w.org\/{rel}","templated":true}]}}