{"id":6839,"date":"2023-10-27T09:25:17","date_gmt":"2023-10-27T09:25:17","guid":{"rendered":"https:\/\/crobrick.com\/?post_type=product&#038;p=6839"},"modified":"2023-11-02T07:46:28","modified_gmt":"2023-11-02T07:46:28","slug":"crobrick-antikgelb-df-horizontal-ecke-2","status":"publish","type":"product","link":"https:\/\/crobrick.com\/de\/product\/crobrick-antikgelb-df-horizontal-ecke-2\/","title":{"rendered":"CroBrick antikgelb DF horizontal ecke"},"content":{"rendered":"<div class=\"fusion-fullwidth fullwidth-box fusion-builder-row-1 fusion-flex-container nonhundred-percent-fullwidth non-hundred-percent-height-scrolling\" style=\"--awb-border-radius-top-left:0px;--awb-border-radius-top-right:0px;--awb-border-radius-bottom-right:0px;--awb-border-radius-bottom-left:0px;--awb-flex-wrap:wrap;\" ><div class=\"fusion-builder-row fusion-row fusion-flex-align-items-flex-start fusion-flex-content-wrap\" style=\"max-width:1248px;margin-left: calc(-4% \/ 2 );margin-right: calc(-4% \/ 2 );\"><div class=\"fusion-layout-column fusion_builder_column fusion-builder-column-0 fusion_builder_column_1_1 1_1 fusion-flex-column\" style=\"--awb-bg-size:cover;--awb-width-large:100%;--awb-margin-top-large:0px;--awb-spacing-right-large:1.92%;--awb-margin-bottom-large:0px;--awb-spacing-left-large:1.92%;--awb-width-medium:100%;--awb-spacing-right-medium:1.92%;--awb-spacing-left-medium:1.92%;--awb-width-small:100%;--awb-spacing-right-small:1.92%;--awb-spacing-left-small:1.92%;\"><div class=\"fusion-column-wrapper fusion-flex-justify-content-flex-start fusion-content-layout-column\"><div class=\"fusion-text fusion-text-1\"><p>K\u00fcnstlicher Zierziegel ist ein Produkt, das nat\u00fcrliche Ziegel auf sehr glaubw\u00fcrdige Weise nachahmt. Es wird aus Leichtbeton hergestellt, der aus Wei\u00dfzement, Leichtzuschlagstoffen, Quarzsand, Zusatzstoffen und mineralischen Oxidfarben besthttps:\/\/crobrick.com\/wp-admin\/post-new.php?lang=de&amp;post_type=product&amp;trid=15275&amp;source_lang=hr#eht. Ziegel werden in verschiedenen Gr\u00f6\u00dfen, Formen und Oberfl\u00e4chenstrukturen hergestellt.<\/p>\n<p>Der Test best\u00e4tigt die Einhaltung der HRN EN 15286:2013. Eine Kopie des Pr\u00fcfberichts ist auf Anfrage erh\u00e4ltlich.<\/p>\n<p><strong> Zertifikat :<\/strong><\/p>\n<ul>\n<li>Technische IGH-Spezifikation: HRN EN 15286:2013.<\/li>\n<li>CE-Kennzeichnung \u2013 Nachweis, dass das Produkt technisch den EU-Normen entspricht und nicht gesundheits- und umweltsch\u00e4dlich ist<\/li>\n<\/ul>\n<\/div><\/div><\/div><\/div><\/div>\n","protected":false},"excerpt":{"rendered":"","protected":false},"featured_media":7297,"template":"","meta":{"_acf_changed":false,"_seopress_robots_primary_cat":"","_seopress_titles_title":"","_seopress_titles_desc":"","_seopress_robots_index":""},"product_brand":[],"product_cat":[276],"product_tag":[],"class_list":{"0":"post-6839","1":"product","2":"type-product","3":"status-publish","4":"has-post-thumbnail","6":"product_cat-dekorativer-ziegelstein-horizontale-ecke","8":"first","9":"instock","10":"taxable","11":"shipping-taxable","12":"purchasable","13":"product-type-simple"},"acf":[],"_links":{"self":[{"href":"https:\/\/crobrick.com\/de\/wp-json\/wp\/v2\/product\/6839","targetHints":{"allow":["GET"]}}],"collection":[{"href":"https:\/\/crobrick.com\/de\/wp-json\/wp\/v2\/product"}],"about":[{"href":"https:\/\/crobrick.com\/de\/wp-json\/wp\/v2\/types\/product"}],"wp:featuredmedia":[{"embeddable":true,"href":"https:\/\/crobrick.com\/de\/wp-json\/wp\/v2\/media\/7297"}],"wp:attachment":[{"href":"https:\/\/crobrick.com\/de\/wp-json\/wp\/v2\/media?parent=6839"}],"wp:term":[{"taxonomy":"product_brand","embeddable":true,"href":"https:\/\/crobrick.com\/de\/wp-json\/wp\/v2\/product_brand?post=6839"},{"taxonomy":"product_cat","embeddable":true,"href":"https:\/\/crobrick.com\/de\/wp-json\/wp\/v2\/product_cat?post=6839"},{"taxonomy":"product_tag","embeddable":true,"href":"https:\/\/crobrick.com\/de\/wp-json\/wp\/v2\/product_tag?post=6839"}],"curies":[{"name":"wp","href":"https:\/\/api.w.org\/{rel}","templated":true}]}}