{"id":5595,"date":"2019-09-24T14:28:37","date_gmt":"2019-09-24T14:28:37","guid":{"rendered":"https:\/\/crobrick.com\/informativa-sulla-privacy-e-sulla-sicurezza-dei-dati\/"},"modified":"2024-01-26T10:20:37","modified_gmt":"2024-01-26T10:20:37","slug":"informativa-sulla-privacy-e-sulla-sicurezza-dei-dati","status":"publish","type":"page","link":"https:\/\/crobrick.com\/it\/informativa-sulla-privacy-e-sulla-sicurezza-dei-dati\/","title":{"rendered":"Informativa sulla privacy e sulla sicurezza dei dati"},"content":{"rendered":"<div class=\"fusion-fullwidth fullwidth-box fusion-builder-row-1 fusion-flex-container nonhundred-percent-fullwidth non-hundred-percent-height-scrolling\" style=\"--awb-border-radius-top-left:0px;--awb-border-radius-top-right:0px;--awb-border-radius-bottom-right:0px;--awb-border-radius-bottom-left:0px;--awb-flex-wrap:wrap;\" ><div class=\"fusion-builder-row fusion-row fusion-flex-align-items-flex-start fusion-flex-content-wrap\" style=\"max-width:1248px;margin-left: calc(-4% \/ 2 );margin-right: calc(-4% \/ 2 );\"><div class=\"fusion-layout-column fusion_builder_column fusion-builder-column-0 fusion_builder_column_1_1 1_1 fusion-flex-column\" style=\"--awb-bg-blend:overlay;--awb-bg-size:cover;--awb-width-large:100%;--awb-margin-top-large:0px;--awb-spacing-right-large:1.92%;--awb-margin-bottom-large:0px;--awb-spacing-left-large:1.92%;--awb-width-medium:100%;--awb-spacing-right-medium:1.92%;--awb-spacing-left-medium:1.92%;--awb-width-small:100%;--awb-spacing-right-small:1.92%;--awb-spacing-left-small:1.92%;\"><div class=\"fusion-column-wrapper fusion-flex-justify-content-flex-start fusion-content-layout-column\"><div class=\"fusion-text fusion-text-1\"><p><span style=\"color: #000000;\">Questa politica stabilisce e regola il modo in cui Boston d.o.o. utilizza e protegge tutte le informazioni che i visitatori forniscono quando utilizzano il sito web crobrick.com.<\/span><\/p>\n<p><span style=\"color: #000000;\">I dati personali sono tutte le informazioni relative a una persona fisica specifica o identificabile. In particolare, sono considerati dati personali tutti i dati che determinano l&#8217;identit\u00e0 dei visitatori del sito web crobrick.com (ad esempio, nome e cognome, indirizzo e-mail, indirizzo di residenza, ecc.).<\/span><\/p>\n<p><span style=\"color: #000000;\">Per trattamento si intende qualsiasi operazione o insieme di operazioni, compiute con o senza l&#8217;ausilio di processi automatizzati e applicate a dati personali, come la raccolta, la registrazione, l&#8217;organizzazione, la conservazione, l&#8217;adattamento o la modifica, il ritiro, la consultazione, l&#8217;uso, la comunicazione mediante trasmissione, pubblicazione o qualsiasi altra forma di messa a disposizione, la classificazione o l&#8217;interconnessione, il blocco, la cancellazione o la distruzione, nonch\u00e9 l&#8217;esecuzione di operazioni logiche, matematiche e di altro tipo su tali dati.<\/span><\/p>\n<p><span style=\"color: #000000;\">Accedendo al sito stesso, l&#8217;utente acconsente al trattamento dei dati personali indicati nel modulo di registrazione per la ricezione della newsletter.<\/span><\/p>\n<p><span style=\"color: #000000;\">Gli stessi dati vengono utilizzati a scopo informativo, e allo scopo di promuovere i servizi e i prodotti di boston d.o.o. si impegna a proteggere la privacy dei dati personali di tutti i visitatori registrati al sito web, e li tratter\u00e0 in conformit\u00e0 con la legge sulla protezione dei dati personali, o altre normative applicabili. Boston d.o.o. non pu\u00f2 utilizzare o mettere a disposizione di terzi senza autorizzazione, tranne nei casi in cui la legge speciale lo consenta o sia necessario ai fini dell&#8217;adempimento degli obblighi contrattuali. Tutti i dipendenti di Boston d.o.o., i volontari e i partner commerciali sono responsabili del rispetto dei principi di tutela della privacy.<\/span><\/p>\n<p><span style=\"color: #000000;\">Tutte le informazioni fornite volontariamente saranno archiviate nel nostro database di utenti. Se noti un errore nelle tue informazioni personali o hai bisogno di modificare qualcosa, contattaci e aggiorneremo immediatamente le tue informazioni.<\/span><\/p>\n<p><span style=\"color: #000000;\">Nel caso in cui non desideri che Boston d.o.o. elabori i tuoi dati e richieda la cancellazione dei tuoi dati, devi comunicarlo a Boston d.o.o. via e-mail all&#8217;indirizzo<a style=\"color: #000000;\" href=\"mailto:info@crostone.hr\/crobrick\"> e-mail info@crobrick.com<\/a>.<\/span><\/p>\n<\/div><\/div><\/div><\/div><\/div>\n","protected":false},"excerpt":{"rendered":"","protected":false},"author":1,"featured_media":0,"parent":0,"menu_order":0,"comment_status":"closed","ping_status":"closed","template":"","meta":{"_acf_changed":false,"_seopress_robots_primary_cat":"","_seopress_titles_title":"","_seopress_titles_desc":"","_seopress_robots_index":"","footnotes":""},"class_list":["post-5595","page","type-page","status-publish","hentry"],"acf":[],"_links":{"self":[{"href":"https:\/\/crobrick.com\/it\/wp-json\/wp\/v2\/pages\/5595","targetHints":{"allow":["GET"]}}],"collection":[{"href":"https:\/\/crobrick.com\/it\/wp-json\/wp\/v2\/pages"}],"about":[{"href":"https:\/\/crobrick.com\/it\/wp-json\/wp\/v2\/types\/page"}],"author":[{"embeddable":true,"href":"https:\/\/crobrick.com\/it\/wp-json\/wp\/v2\/users\/1"}],"replies":[{"embeddable":true,"href":"https:\/\/crobrick.com\/it\/wp-json\/wp\/v2\/comments?post=5595"}],"version-history":[{"count":5,"href":"https:\/\/crobrick.com\/it\/wp-json\/wp\/v2\/pages\/5595\/revisions"}],"predecessor-version":[{"id":7530,"href":"https:\/\/crobrick.com\/it\/wp-json\/wp\/v2\/pages\/5595\/revisions\/7530"}],"wp:attachment":[{"href":"https:\/\/crobrick.com\/it\/wp-json\/wp\/v2\/media?parent=5595"}],"curies":[{"name":"wp","href":"https:\/\/api.w.org\/{rel}","templated":true}]}}