{"id":5607,"date":"2023-06-02T15:15:43","date_gmt":"2023-06-02T15:15:43","guid":{"rendered":"https:\/\/crobrick.com\/condizioni-di-vendita\/"},"modified":"2024-01-26T10:48:45","modified_gmt":"2024-01-26T10:48:45","slug":"condizioni-di-vendita","status":"publish","type":"page","link":"https:\/\/crobrick.com\/it\/condizioni-di-vendita\/","title":{"rendered":"Condizioni di vendita"},"content":{"rendered":"<div class=\"fusion-fullwidth fullwidth-box fusion-builder-row-1 fusion-flex-container nonhundred-percent-fullwidth non-hundred-percent-height-scrolling\" style=\"--awb-border-radius-top-left:0px;--awb-border-radius-top-right:0px;--awb-border-radius-bottom-right:0px;--awb-border-radius-bottom-left:0px;--awb-flex-wrap:wrap;\" ><div class=\"fusion-builder-row fusion-row fusion-flex-align-items-flex-start fusion-flex-content-wrap\" style=\"max-width:1248px;margin-left: calc(-4% \/ 2 );margin-right: calc(-4% \/ 2 );\"><div class=\"fusion-layout-column fusion_builder_column fusion-builder-column-0 fusion_builder_column_1_1 1_1 fusion-flex-column\" style=\"--awb-bg-size:cover;--awb-width-large:100%;--awb-margin-top-large:0px;--awb-spacing-right-large:1.92%;--awb-margin-bottom-large:0px;--awb-spacing-left-large:1.92%;--awb-width-medium:100%;--awb-spacing-right-medium:1.92%;--awb-spacing-left-medium:1.92%;--awb-width-small:100%;--awb-spacing-right-small:1.92%;--awb-spacing-left-small:1.92%;\"><div class=\"fusion-column-wrapper fusion-flex-justify-content-flex-start fusion-content-layout-column\"><div class=\"fusion-text fusion-text-1\"><div class=\"post-content\">\n<div class=\"fusion-fullwidth fullwidth-box fusion-builder-row-1 fusion-flex-container nonhundred-percent-fullwidth non-hundred-percent-height-scrolling\">\n<div class=\"fusion-builder-row fusion-row fusion-flex-align-items-flex-start\">\n<section class=\"fusion-layout-column fusion_builder_column fusion-builder-column-0 fusion_builder_column_1_1 1_1 fusion-flex-column\">\n<div class=\"fusion-column-wrapper fusion-column-has-shadow fusion-flex-justify-content-flex-start fusion-content-layout-column\">\n<div class=\"fusion-text fusion-text-1\">\n<h3>1. VALIDIT\u00c0<\/h3>\n<p>Le condizioni di consegna si applicano a tutte le trattative e contratti di vendita conclusi e alle relative consegne e consegne successive.<br \/>\nLe deviazioni dalle presenti condizioni di vendita e consegna sono valide, solo se confermate per iscritto dall&#8217;acquirente e dal venditore.<\/p>\n<h3>2. OFFERTE<\/h3>\n<p>Le offerte non sono vincolanti, salvo espressa indicazione contraria. La loro validit\u00e0 \u00e8 indicata sull&#8217;offerta.<br \/>\nL&#8217;offerta include il nome del prodotto, quantit\u00e0, prezzi, termini di pagamento e altre condizioni.<\/p>\n<h3>3. PREZZO E CALCOLO<\/h3>\n<p>I prezzi nelle offerte sono impliciti magazzino FCA Valpovo caricato su un camion o autovettura.<br \/>\nPer il calcolo, le dimensioni e le quantit\u00e0 dei brandelli di spedizione realizzati sono valide in base a una spedizione confermata.<\/p>\n<h3>4. PRODOTTI<\/h3>\n<p>La pietra decorativa \u00e8 un materiale naturale ottenuto versando calcestruzzo in stampi di gomma e sono previste deviazioni di colore e dimensioni in diverse serie.<br \/>\nNon possiamo garantire al cliente una tonalit\u00e0 identica se la pietra viene prelevata da pi\u00f9 lotti, quindi per questo motivo consigliamo al cliente di ordinare campioni di quantit\u00e0 minori dalle attuali serie di produzione per assicurarsi di ottenere ci\u00f2 che stanno cercando.<br \/>\nSe l&#8217;acquirente ordina pietre decorative sulla base di cataloghi, internet o pannelli espositivi, non possiamo garantire la stessa tonalit\u00e0 e non accettiamo reclami in caso di differenza di colore perch\u00e9 \u00e8 un materiale naturale.<\/p>\n<p>L&#8217;isolamento o salnitro \u00e8 un processo di fioritura naturale sulla superficie di un prodotto a base di pietra o calcestruzzo e si verifica quando i sali solubili con l&#8217;aiuto dell&#8217;umidit\u00e0 migrano dagli strati interni della struttura alla superficie e nel processo di essiccazione si formano grappoli di polvere cristallina, a cui non si applica la garanzia.<\/p>\n<h3>5. CONFIGURAZIONE<\/h3>\n<p>Se l&#8217;acquirente installa il mattone da solo, Boston d.o.o. propone che il posizionamento avvenga secondo i regolamenti e le istruzioni del produttore o di cercare una persona professionale specializzata nella posa di mattoni.<br \/>\nLeggi di pi\u00f9 su come impostare sul nostro sito web: SETUP o chiedi consiglio ai dipendenti di Boston d.o.o..<\/p>\n<h3>6. TEMPI DI CONSEGNA<\/h3>\n<p>Boston d.o.o. rispetter\u00e0 i tempi di consegna indicati in base allo scopo e alla possibilit\u00e0.<\/p>\n<h3>7. SPEDIZIONE E TRASPORTO<\/h3>\n<p>Se Boston d.o.o. consegna merci all&#8217;acquirente presso il magazzino o il cantiere, il prezzo del trasporto sar\u00e0 indicato come voce separata.<br \/>\nBoston d.o.o. pu\u00f2 adeguare i prezzi di trasporto durante l&#8217;anno in base ai cambiamenti del mercato.<br \/>\nCrobrick utilizza aziende di trasporto come Lagermax o simili per la consegna dei suoi prodotti e sebbene la merce venga normalmente consegnata in uno o due giorni lavorativi, ad eccezione dell&#8217;isola, non \u00e8 in grado di garantire il giorno esatto della consegna perch\u00e9 dipende dal corriere.<\/p>\n<h3>8. PALLET<\/h3>\n<p>I prodotti Crobrick sono forniti su pallet di misure 80\/120 cm o 100\/120.<br \/>\nI pallet per rivestimenti murali sono calcolati come parte del prezzo di trasporto.<\/p>\n<h3>9. MODALITA&#8217; DI PAGAMENTO<\/h3>\n<p>I termini di pagamento sono concordati nell&#8217;accordo di partenariato con mezzi definiti per garantire i pagamenti.<br \/>\nSe non \u00e8 stato concluso alcun accordo di cooperazione con l&#8217;acquirente, il pagamento viene effettuato sulla base di una fattura proforma (offerta).<br \/>\nPer i ritardi di pagamento verranno calcolati gli interessi di mora previsti dalla legge.<br \/>\nSe l&#8217;acquirente recede dall&#8217;acquisto della merce ordinata, non ha diritto al rimborso dell&#8217;anticipo versato, n\u00e9 ha il diritto di utilizzare il pagamento anticipato come pagamento di un anticipo e \/ o prezzo per un altro prodotto.<\/p>\n<h3>10. DIRITTO DI MANTENERE LA PROPRIET\u00c0<\/h3>\n<p>Fino al completo pagamento, la merce consegnata rimane di propriet\u00e0 di Boston d.o.o..<br \/>\nSe Boston d.o.o. riprende la merce a causa del mancato pagamento dell&#8217;acquirente, in base al diritto di mantenere la propriet\u00e0, l&#8217;acquirente sostiene i costi di trasporto in caso di restituzione o ulteriore vendita della merce.<\/p>\n<h3>11. RESTITUZIONE DELLA MERCE E COSTI ASSOCIATI<\/h3>\n<p>Se c&#8217;\u00e8 una consegna di una quantit\u00e0 eccessiva di merce in relazione all&#8217;ordine del cliente, saranno accettati solo dopo che Boston d.o.o. ne sar\u00e0 stata informata per iscritto e se la merce non \u00e8 danneggiata e l&#8217;originale imballato su pallet pronto per la spedizione.<br \/>\nLe merci restituite dall&#8217;acquirente, che non sono adeguatamente imballate su pallet, non saranno ritirate.<br \/>\nIn ogni caso, l&#8217;acquirente deve avere una ricevuta di presa in consegna dello stesso (spedizione) al momento della restituzione della merce, sulla quale sono esposti i prodotti con le quantit\u00e0.<\/p>\n<h3>12. GARANZIA E RECLAMI<\/h3>\n<p>Boston d.o.o. garantisce la qualit\u00e0 e la quantit\u00e0 abituali dei prodotti nell&#8217;ambito delle disposizioni legali.<br \/>\nPer tutti i possibili reclami riguardanti la qualit\u00e0 e la quantit\u00e0 del prodotto, l&#8217;acquirente \u00e8 tenuto a presentare un registro delle commissioni dei difetti osservati entro 7 giorni dal ritiro \/ consegna del prodotto.<br \/>\nIn caso di reclamo, l&#8217;acquirente individuer\u00e0 la merce pubblicizzata e inviter\u00e0 Boston d.o.o. a determinare congiuntamente la situazione reale.<br \/>\nIl reclamo su parte della merce non d\u00e0 al partner il diritto di prolungare il pagamento per la parte non pubblicizzata della merce.<br \/>\nI beni pubblicizzati non devono essere messi in vendita dal partner fino a quando Boston d.o.o. non rilascia un&#8217;eventuale approvazione per la vendita degli stessi.<br \/>\nNon accettiamo reclami su mattoni parzialmente o completamente installati.<\/p>\n<h3>13. DIRITTI D&#8217;AUTORE<\/h3>\n<p>Il prodotto oggetto di vendita \u00e8 opera d&#8217;autore del Venditore.<br \/>\nIl venditore si riserva il diritto di utilizzare il prodotto in questione come riferimento in tutti i progetti futuri.<\/p>\n<\/div>\n<\/div>\n<\/section>\n<\/div>\n<\/div>\n<\/div>\n<\/div><\/div><\/div><\/div><\/div>\n","protected":false},"excerpt":{"rendered":"","protected":false},"author":1,"featured_media":0,"parent":0,"menu_order":0,"comment_status":"closed","ping_status":"closed","template":"100-width.php","meta":{"_acf_changed":false,"_seopress_robots_primary_cat":"","_seopress_titles_title":"","_seopress_titles_desc":"","_seopress_robots_index":"","footnotes":""},"class_list":["post-5607","page","type-page","status-publish","hentry"],"acf":[],"_links":{"self":[{"href":"https:\/\/crobrick.com\/it\/wp-json\/wp\/v2\/pages\/5607","targetHints":{"allow":["GET"]}}],"collection":[{"href":"https:\/\/crobrick.com\/it\/wp-json\/wp\/v2\/pages"}],"about":[{"href":"https:\/\/crobrick.com\/it\/wp-json\/wp\/v2\/types\/page"}],"author":[{"embeddable":true,"href":"https:\/\/crobrick.com\/it\/wp-json\/wp\/v2\/users\/1"}],"replies":[{"embeddable":true,"href":"https:\/\/crobrick.com\/it\/wp-json\/wp\/v2\/comments?post=5607"}],"version-history":[{"count":1,"href":"https:\/\/crobrick.com\/it\/wp-json\/wp\/v2\/pages\/5607\/revisions"}],"predecessor-version":[{"id":7558,"href":"https:\/\/crobrick.com\/it\/wp-json\/wp\/v2\/pages\/5607\/revisions\/7558"}],"wp:attachment":[{"href":"https:\/\/crobrick.com\/it\/wp-json\/wp\/v2\/media?parent=5607"}],"curies":[{"name":"wp","href":"https:\/\/api.w.org\/{rel}","templated":true}]}}